{"id":25407,"date":"2025-10-02T22:23:19","date_gmt":"2025-10-02T22:23:19","guid":{"rendered":"https:\/\/holameli.com\/index.php\/home\/"},"modified":"2026-04-06T03:39:25","modified_gmt":"2026-04-06T01:39:25","slug":"home","status":"publish","type":"page","link":"https:\/\/holameli.com\/es\/","title":{"rendered":"HOME"},"content":{"rendered":"<div class=\"wp-block-uagb-container uagb-block-230d2cc2 alignfull uagb-is-root-container\"><div class=\"uagb-container-inner-blocks-wrap\">\n<div class=\"wp-block-columns is-layout-flex wp-container-core-columns-is-layout-28f84493 wp-block-columns-is-layout-flex\">\n<div class=\"wp-block-column is-layout-flow wp-block-column-is-layout-flow\" style=\"flex-basis:100%\">\n<nav class=\"wp-block-uagb-info-box uagb-block-6f80f11e uagb-infobox__content-wrap  uagb-infobox-icon-above-title uagb-infobox-image-valign-top wp-block-uagb-info-box--has-margin\"><div class=\"uagb-infobox-margin-wrapper\"><div class=\"uagb-ifb-content\"><div class=\"uagb-ifb-title-wrap\"><h1 class=\"uagb-ifb-title\">Aprende espa\u00f1ol en l\u00ednea con una profesora nativa.<br>Clases de espa\u00f1ol divertidas y personalizadas para principiantes. Empieza a hablar espa\u00f1ol con confianza desde el primer d\u00eda.<\/h1><\/div><div class=\"uagb-ifb-button-wrapper wp-block-button\"><a href=\"#\" target=\"_self\" onclick=\"return false;\" class=\"uagb-infobox-cta-link\" rel=\"noopener noreferrer\"><span class=\"uagb-inline-editing\"><\/span><\/a><\/div><\/div><\/div><\/nav>\n<\/div>\n<\/div>\n\n\n\n<div class=\"wp-block-uagb-buttons uagb-buttons__outer-wrap uagb-btn__default-btn uagb-btn-tablet__default-btn uagb-btn-mobile__default-btn uagb-block-e1fc2109\"><div class=\"uagb-buttons__wrap uagb-buttons-layout-wrap\">\n<div class=\"wp-block-uagb-buttons-child uagb-buttons__outer-wrap uagb-block-45ad2ae8 wp-block-button\"><div class=\"uagb-button__wrapper\"><a class=\"uagb-buttons-repeater wp-block-button__link\" aria-label=\"\" href=\"https:\/\/holameli.com\/es\/learn-spanish-online\/\" rel=\"follow noopener\" target=\"_self\" role=\"button\"><div class=\"uagb-button__link\">Ver cursos disponibles<\/div><\/a><\/div><\/div>\n<\/div><\/div>\n<\/div><\/div>\n\n\n\n<div class=\"wp-block-uagb-container uagb-block-8308453a alignfull uagb-is-root-container\"><div class=\"uagb-container-inner-blocks-wrap\">\n<div class=\"wp-block-uagb-container uagb-block-9babc42b\">\n<div class=\"wp-block-uagb-info-box uagb-block-c223a877 uagb-infobox__content-wrap  uagb-infobox-icon-above-title uagb-infobox-image-valign-top\"><div class=\"uagb-ifb-content\"><div class=\"uagb-ifb-icon-wrap\"><svg xmlns=\"https:\/\/www.w3.org\/2000\/svg\" viewbox=\"0 0 448 512\"><path d=\"M224 256c70.7 0 128-57.31 128-128s-57.3-128-128-128C153.3 0 96 57.31 96 128S153.3 256 224 256zM274.7 304H173.3C77.61 304 0 381.6 0 477.3c0 19.14 15.52 34.67 34.66 34.67h378.7C432.5 512 448 496.5 448 477.3C448 381.6 370.4 304 274.7 304z\"><\/path><\/svg><\/div><div class=\"uagb-ifb-title-wrap\"><h3 class=\"uagb-ifb-title\">Clases individuales<\/h3><\/div><p class=\"uagb-ifb-desc\">Clases totalmente personalizadas seg\u00fan tu nivel y tus objetivos.<\/p><\/div><\/div>\n<\/div>\n\n\n\n<div class=\"wp-block-uagb-container uagb-block-680df5b2\">\n<div class=\"wp-block-uagb-info-box uagb-block-75a8b955 uagb-infobox__content-wrap  uagb-infobox-icon-above-title uagb-infobox-image-valign-top\"><div class=\"uagb-ifb-content\"><div class=\"uagb-ifb-icon-wrap\"><svg xmlns=\"https:\/\/www.w3.org\/2000\/svg\" viewbox=\"0 0 640 512\"><path d=\"M128 96h384v256h64V80C576 53.63 554.4 32 528 32h-416C85.63 32 64 53.63 64 80V352h64V96zM624 384h-608C7.25 384 0 391.3 0 400V416c0 35.25 28.75 64 64 64h512c35.25 0 64-28.75 64-64v-16C640 391.3 632.8 384 624 384zM365.9 286.2C369.8 290.1 374.9 292 380 292s10.23-1.938 14.14-5.844l48-48c7.812-7.813 7.812-20.5 0-28.31l-48-48c-7.812-7.813-20.47-7.813-28.28 0c-7.812 7.813-7.812 20.5 0 28.31l33.86 33.84l-33.86 33.84C358 265.7 358 278.4 365.9 286.2zM274.1 161.9c-7.812-7.813-20.47-7.813-28.28 0l-48 48c-7.812 7.813-7.812 20.5 0 28.31l48 48C249.8 290.1 254.9 292 260 292s10.23-1.938 14.14-5.844c7.812-7.813 7.812-20.5 0-28.31L240.3 224l33.86-33.84C281.1 182.4 281.1 169.7 274.1 161.9z\"><\/path><\/svg><\/div><div class=\"uagb-ifb-title-wrap\"><h3 class=\"uagb-ifb-title\">Formato Online<\/h3><\/div><p class=\"uagb-ifb-desc\">Clases a trav\u00e9s de Zoom, Google Meet o la plataforma que prefieras.<\/p><\/div><\/div>\n<\/div>\n\n\n\n<div class=\"wp-block-uagb-container uagb-block-44d2fdca\">\n<div class=\"wp-block-uagb-info-box uagb-block-b12170d6 uagb-infobox__content-wrap  uagb-infobox-icon-above-title uagb-infobox-image-valign-top\"><div class=\"uagb-ifb-content\"><div class=\"uagb-ifb-icon-wrap\"><svg xmlns=\"https:\/\/www.w3.org\/2000\/svg\" viewbox=\"0 0 512 512\"><path d=\"M256 512C114.6 512 0 397.4 0 256C0 114.6 114.6 0 256 0C397.4 0 512 114.6 512 256C512 397.4 397.4 512 256 512zM232 256C232 264 236 271.5 242.7 275.1L338.7 339.1C349.7 347.3 364.6 344.3 371.1 333.3C379.3 322.3 376.3 307.4 365.3 300L280 243.2V120C280 106.7 269.3 96 255.1 96C242.7 96 231.1 106.7 231.1 120L232 256z\"><\/path><\/svg><\/div><div class=\"uagb-ifb-title-wrap\"><h3 class=\"uagb-ifb-title\">Duraci\u00f3n de la clase<\/h3><\/div><p class=\"uagb-ifb-desc\">Sesiones de 50 a 60 minutos dise\u00f1adas para un aprendizaje eficaz.<\/p><\/div><\/div>\n<\/div>\n<\/div><\/div>\n\n\n\n<div class=\"wp-block-uagb-container uagb-block-f1de620a alignwide uagb-is-root-container\">\n<p class=\"has-text-align-center has-ast-global-color-1-color has-ast-global-color-7-background-color has-text-color has-background has-link-color has-large-font-size wp-elements-02554f77917949d6ef42f72a2e2b19ef\" style=\"margin-top:var(--wp--preset--spacing--30);margin-bottom:var(--wp--preset--spacing--30)\"><strong>Clases de espa\u00f1ol dise\u00f1adas para ti<\/strong><\/p>\n\n\n\n<p class=\"has-text-align-center has-ast-global-color-1-color has-text-color has-link-color has-large-font-size wp-elements-65ae7566f28088207457b95923d25cec\" style=\"margin-top:0;margin-right:0;margin-bottom:0;margin-left:0\">Aprender un nuevo idioma es un viaje, y mi objetivo es guiarte paso a paso.<br>Mis clases de espa\u00f1ol est\u00e1n dise\u00f1adas especialmente para principiantes que desean ganar confianza y empezar a hablar desde la primera clase.<br>Tanto si quieres viajar, mejorar tus habilidades comunicativas o aprender espa\u00f1ol para el trabajo, cada lecci\u00f3n se adapta a tus necesidades, ritmo y objetivos.<br>Aprender\u00e1s a trav\u00e9s de conversaciones reales, vocabulario pr\u00e1ctico y actividades din\u00e1micas, todo ello en un entorno de apoyo y motivaci\u00f3n.<\/p>\n<\/div>\n\n\n\n<div class=\"wp-block-uagb-container uagb-block-91571cda alignwide uagb-is-root-container\">\n<div class=\"wp-block-uagb-container uagb-block-8d2f02e5\">\n<div class=\"wp-block-uagb-container uagb-block-5ecc2fda\">\n<p class=\"has-text-align-center has-ast-global-color-5-color has-ast-global-color-1-background-color has-text-color has-background has-link-color has-medium-font-size wp-elements-a884bec67218201714fe771ab518308b\" style=\"border-style:solid\"><strong>\ud83c\udf31  PAQUETE DE 5 CLASES<\/strong><\/p>\n\n\n\n<p class=\"has-text-align-left has-medium-font-size\">Perfecto si quieres probar mi m\u00e9todo o retomar el espa\u00f1ol.<br><br>Nos centraremos en el vocabulario esencial, las estructuras b\u00e1sicas y las expresiones cotidianas para que puedas empezar a comunicarte con confianza.<br><\/p>\n\n\n\n<p class=\"has-medium-font-size\" style=\"margin-top:0;margin-right:0;margin-bottom:0;margin-left:0;padding-top:0;padding-bottom:0\"><strong><a href=\"Includes:\">I<\/a><\/strong>Incluye<\/p>\n\n\n\n<ul class=\"wp-block-list\">\n<li class=\"has-medium-font-size\">5 clases (60 minutos cada una)<\/li>\n\n\n\n<li class=\"has-medium-font-size\">Horario Flexible<\/li>\n\n\n\n<li class=\"has-medium-font-size\">Materiales Personalizados <\/li>\n<\/ul>\n\n\n\n<p class=\"has-medium-font-size\">    \ud83d\udc49  <strong>Precio: <\/strong>\u20ac120 (\u20ac24 por clase)<\/p>\n\n\n\n<div class=\"wp-block-uagb-buttons uagb-buttons__outer-wrap uagb-btn__default-btn uagb-btn-tablet__default-btn uagb-btn-mobile__default-btn uagb-block-94012d34\"><div class=\"uagb-buttons__wrap uagb-buttons-layout-wrap\">\n<div class=\"wp-block-uagb-buttons-child uagb-buttons__outer-wrap uagb-block-edd22c5e wp-block-button\"><div class=\"uagb-button__wrapper\"><a class=\"uagb-buttons-repeater wp-block-button__link\" aria-label=\"\" href=\"https:\/\/holameli.com\/es\/contact-spanish-teacher\/\" rel=\"follow noopener\" target=\"_self\" role=\"button\"><div class=\"uagb-button__link\">Cont\u00e1ctame<\/div><\/a><\/div><\/div>\n<\/div><\/div>\n<\/div>\n<\/div>\n\n\n\n<div class=\"wp-block-uagb-container uagb-block-63513df9\">\n<div class=\"wp-block-uagb-container uagb-block-be5b5762\">\n<p class=\"has-text-align-center has-ast-global-color-5-color has-ast-global-color-1-background-color has-text-color has-background has-link-color has-medium-font-size wp-elements-ffc6200034902b60cbd4a81864396a68\" style=\"border-style:solid;margin-top:var(--wp--preset--spacing--20);margin-right:0;margin-bottom:var(--wp--preset--spacing--20);margin-left:0\"><strong>\u2b50 PAQUETE DE 10 + 1 CLASES GRATIS <\/strong><\/p>\n\n\n\n<p class=\"has-medium-font-size\">Ideal si deseas progresar de forma constante y desarrollar tus habilidades paso a paso.<br><br>Crearemos un plan de estudios personalizado basado en tus objetivos: viajes, trabajo o comunicaci\u00f3n en general.<\/p>\n\n\n\n<p class=\"has-medium-font-size\"><strong><a href=\"IIncludes:\">I<\/a><\/strong>Incluye<\/p>\n\n\n\n<ul class=\"wp-block-list\">\n<li class=\"has-medium-font-size\">10 clases + 1 gratis \ud83c\udf81<\/li>\n\n\n\n<li class=\"has-medium-font-size\">Plan de aprendizaje personalizado<\/li>\n\n\n\n<li class=\"has-medium-font-size\">Seguimiento continuo del progreso<\/li>\n<\/ul>\n\n\n\n<p class=\"has-medium-font-size\">    \ud83d\udc49<strong> Precio: <\/strong>250 \u20ac (22,7 \u20ac por clase)<\/p>\n\n\n\n<div class=\"wp-block-uagb-buttons uagb-buttons__outer-wrap uagb-btn__default-btn uagb-btn-tablet__default-btn uagb-btn-mobile__default-btn uagb-block-42ccc687\"><div class=\"uagb-buttons__wrap uagb-buttons-layout-wrap\">\n<div class=\"wp-block-uagb-buttons-child uagb-buttons__outer-wrap uagb-block-2b94a204 wp-block-button\"><div class=\"uagb-button__wrapper\"><a class=\"uagb-buttons-repeater wp-block-button__link\" aria-label=\"\" href=\"https:\/\/holameli.com\/es\/contact-spanish-teacher\/\" rel=\"follow noopener\" target=\"_self\" role=\"button\"><div class=\"uagb-button__link\">Cont\u00e1ctame<\/div><\/a><\/div><\/div>\n<\/div><\/div>\n<\/div>\n<\/div>\n\n\n\n<div class=\"wp-block-uagb-container uagb-block-1419a229\">\n<div class=\"wp-block-uagb-container uagb-block-92252c8a\">\n<p class=\"has-text-align-center has-ast-global-color-5-color has-ast-global-color-1-background-color has-text-color has-background has-link-color has-medium-font-size wp-elements-90939db2f3d5b155c459da9db04c344c\" style=\"border-style:solid;margin-top:0;margin-right:0;margin-bottom:0;margin-left:0\">\ud83d\ude80 <strong>\u2b50 PAQUETE DE 10 + 1 CLASES GRATIS<\/strong><\/p>\n\n\n\n<p class=\"has-medium-font-size\">Ideal si tu objetivo es subir de nivel o mejorar significativamente tu fluidez.<br><br>Seguir\u00e1s un programa estructurado que incluye pr\u00e1ctica oral, actividades de comprensi\u00f3n auditiva y materiales exclusivos.<\/p>\n\n\n\n<p class=\"has-medium-font-size\">Incluye<\/p>\n\n\n\n<ul class=\"wp-block-list\">\n<li class=\"has-medium-font-size\">20 clases + 2 gratis \ud83c\udf81<\/li>\n\n\n\n<li class=\"has-medium-font-size\">Programa de aprendizaje estructurado<\/li>\n\n\n\n<li class=\"has-medium-font-size\">Material Exclusivo<\/li>\n<\/ul>\n\n\n\n<p class=\"has-medium-font-size\">    \ud83d\udc49 <strong>Precio: <\/strong>500 \u20ac (22,7 \u20ac por clase)<\/p>\n\n\n\n<div class=\"wp-block-uagb-buttons uagb-buttons__outer-wrap uagb-btn__default-btn uagb-btn-tablet__default-btn uagb-btn-mobile__default-btn uagb-block-c8fbaeed\"><div class=\"uagb-buttons__wrap uagb-buttons-layout-wrap\">\n<div class=\"wp-block-uagb-buttons-child uagb-buttons__outer-wrap uagb-block-1d658ebe wp-block-button\"><div class=\"uagb-button__wrapper\"><a class=\"uagb-buttons-repeater wp-block-button__link\" aria-label=\"\" href=\"https:\/\/holameli.com\/es\/contact-spanish-teacher\/\" rel=\"follow noopener\" target=\"_self\" role=\"button\"><div class=\"uagb-button__link\">Cont\u00e1ctame<\/div><\/a><\/div><\/div>\n<\/div><\/div>\n<\/div>\n<\/div>\n<\/div>\n\n\n\n<div class=\"wp-block-uagb-container uagb-block-f50af97b alignfull uagb-is-root-container\"><div class=\"uagb-container-inner-blocks-wrap\">\n<h2 class=\"wp-block-heading has-text-align-center has-ast-global-color-0-background-color has-background has-large-font-size\" style=\"border-radius:90px;margin-top:var(--wp--preset--spacing--20);margin-bottom:var(--wp--preset--spacing--20)\">\ud83c\udf93 Clases de apoyo de espa\u00f1ol para estudiantes escolares<\/h2>\n\n\n\n<p class=\"has-text-align-center has-ast-global-color-7-background-color has-background has-large-font-size\" style=\"border-radius:100px\">\u00bfSu hijo necesita ayuda con el espa\u00f1ol en la escuela?<br>Ofrezco clases personalizadas individuales para mejorar la lectura, la escritura y la confianza en espa\u00f1ol.<\/p>\n\n\n\n<p class=\"has-text-align-center has-ast-global-color-7-background-color has-background has-large-font-size\" style=\"border-style:none;border-width:0px;border-radius:78px\">\ud83d\udc49 <strong>Precio: 25 \u20ac por clase (60 minutos)<\/strong><br>\ud83d\udc49 O 5 clases por 120 \u20ac<\/p>\n\n\n\n<div class=\"wp-block-uagb-buttons uagb-buttons__outer-wrap uagb-btn__default-btn uagb-btn-tablet__default-btn uagb-btn-mobile__default-btn uagb-block-f66f3424\"><div class=\"uagb-buttons__wrap uagb-buttons-layout-wrap\">\n<div class=\"wp-block-uagb-buttons-child uagb-buttons__outer-wrap uagb-block-19dae8ff wp-block-button\"><div class=\"uagb-button__wrapper\"><a class=\"uagb-buttons-repeater wp-block-button__link\" aria-label=\"\" href=\"https:\/\/holameli.com\/es\/contact-spanish-teacher\/\" rel=\"follow noopener\" target=\"_self\" role=\"button\"><div class=\"uagb-button__link\">Click Here<\/div><\/a><\/div><\/div>\n<\/div><\/div>\n<\/div><\/div>\n\n\n\n<div class=\"wp-block-columns has-ast-global-color-7-background-color has-background is-layout-flex wp-container-core-columns-is-layout-28f84493 wp-block-columns-is-layout-flex\">\n<div class=\"wp-block-column is-vertically-aligned-bottom is-layout-flow wp-block-column-is-layout-flow\" style=\"flex-basis:100%\">\n<p class=\"has-text-align-center has-white-color has-ast-global-color-1-background-color has-text-color has-background has-link-color has-large-font-size wp-elements-c3328835eb7597580fcbc6fcdba25566\" style=\"border-radius:90px\"><strong>\u00a1Hola! Soy Meli, tu profesora de espa\u00f1ol.<\/strong><\/p>\n\n\n\n<div class=\"wp-block-uagb-container uagb-block-0c92cd6e alignfull uagb-is-root-container\">\n<div class=\"wp-block-uagb-container uagb-block-818574d2\">\n<div class=\"wp-block-group has-ast-global-color-7-background-color has-background is-horizontal is-content-justification-center is-layout-flex wp-container-core-group-is-layout-c7b64bc4 wp-block-group-is-layout-flex\">\n<div class=\"wp-block-uagb-container uagb-block-4636577f\">\n<div class=\"wp-block-uagb-image aligncenter uagb-block-c78c9cd7 wp-block-uagb-image--layout-default wp-block-uagb-image--effect-static wp-block-uagb-image--align-center\"><figure class=\"wp-block-uagb-image__figure\"><img decoding=\"async\" srcset=\"https:\/\/holameli.com\/wp-content\/uploads\/2025\/10\/IMG_2402.jpg ,https:\/\/holameli.com\/wp-content\/uploads\/2025\/10\/IMG_2402.jpg 780w, https:\/\/holameli.com\/wp-content\/uploads\/2025\/10\/IMG_2402.jpg 360w\" sizes=\"auto, (max-width: 480px) 150px\" src=\"https:\/\/holameli.com\/wp-content\/uploads\/2025\/10\/IMG_2402.jpg\" alt=\"\" class=\"uag-image-27488\" width=\"351\" height=\"300\" title=\"IMG_2402\" loading=\"lazy\" role=\"img\"\/><\/figure><\/div>\n<\/div>\n\n\n\n<div class=\"wp-block-group is-layout-constrained wp-block-group-is-layout-constrained\">\n<p class=\"has-ast-global-color-1-color has-text-color has-link-color has-large-font-size wp-elements-eea9bc5e5eec66dbebbeadc79115bd52\">Soy hispanohablante nativa de Chile y me apasiona ense\u00f1ar mi idioma y compartir la cultura hispana con estudiantes de todo el mundo.<br><br>Soy profesora de espa\u00f1ol con formaci\u00f3n en Derecho. Tras vivir en Irlanda y Alemania, experiment\u00e9 lo que significa aprender un idioma nuevo desde cero.<br><br>Esa experiencia me inspir\u00f3 a crear lecciones din\u00e1micas, personalizadas y motivadoras que ayuden a mis alumnos a sentirse seguros y motivados.<br><br>Mi objetivo es sencillo: ayudarte a disfrutar aprendiendo espa\u00f1ol y a usarlo en la vida real.<br><br><br><strong>\u00bfListo para empezar a aprender espa\u00f1ol?<br>Reserva tu primera clase y comienza tu aventura hoy mismo.<\/strong><\/p>\n\n\n\n<div class=\"wp-block-uagb-buttons uagb-buttons__outer-wrap uagb-btn__default-btn uagb-btn-tablet__default-btn uagb-btn-mobile__default-btn uagb-block-5114570d\"><div class=\"uagb-buttons__wrap uagb-buttons-layout-wrap\">\n<div class=\"wp-block-uagb-buttons-child uagb-buttons__outer-wrap uagb-block-d1441181 wp-block-button\"><div class=\"uagb-button__wrapper\"><a class=\"uagb-buttons-repeater wp-block-button__link\" aria-label=\"\" href=\"https:\/\/holameli.com\/es\/learn-spanish-online\/\" rel=\"follow noopener\" target=\"_self\" role=\"button\"><div class=\"uagb-button__link\">Aprende espa\u00f1ol en l\u00ednea<\/div><\/a><\/div><\/div>\n<\/div><\/div>\n<\/div>\n<\/div>\n<\/div>\n\n\n\n<figure class=\"wp-block-video\"><video height=\"720\" style=\"aspect-ratio: 1280 \/ 720;\" width=\"1280\" controls src=\"https:\/\/holameli.com\/wp-content\/uploads\/2025\/11\/Aprende_Espanol__Hola_Meli.mp4\"><\/video><\/figure>\n\n\n\n<div class=\"wp-block-uagb-buttons uagb-buttons__outer-wrap uagb-btn__default-btn uagb-btn-tablet__default-btn uagb-btn-mobile__default-btn uagb-block-8f7cf093\"><div class=\"uagb-buttons__wrap uagb-buttons-layout-wrap\">\n<div class=\"wp-block-uagb-buttons-child uagb-buttons__outer-wrap uagb-block-975c488d wp-block-button\"><div class=\"uagb-button__wrapper\"><a class=\"uagb-buttons-repeater wp-block-button__link\" aria-label=\"\" href=\"#\" rel=\"follow noopener\" target=\"_self\" role=\"button\"><div class=\"uagb-button__link\">Click Here<\/div><\/a><\/div><\/div>\n<\/div><\/div>\n<\/div>\n<\/div>\n<\/div>\n\n\n\n<p><\/p>","protected":false},"excerpt":{"rendered":"<p>Spanish Lessons Designed for You Learning a new language is a journey, and my goal is to guide you step by step.My Spanish lessons are designed especially for beginners who want to build confidence and start speaking from the very first class.Whether you want to travel, improve your communication skills, or learn Spanish for work, [&hellip;]<\/p>\n","protected":false},"author":1,"featured_media":0,"parent":0,"menu_order":0,"comment_status":"closed","ping_status":"closed","template":"","meta":{"_uag_custom_page_level_css":"","site-sidebar-layout":"no-sidebar","site-content-layout":"plain-container","ast-site-content-layout":"full-width-container","site-content-style":"unboxed","site-sidebar-style":"unboxed","ast-global-header-display":"","ast-banner-title-visibility":"","ast-main-header-display":"","ast-hfb-above-header-display":"","ast-hfb-below-header-display":"","ast-hfb-mobile-header-display":"","site-post-title":"disabled","ast-breadcrumbs-content":"","ast-featured-img":"disabled","footer-sml-layout":"","ast-disable-related-posts":"","theme-transparent-header-meta":"enabled","adv-header-id-meta":"","stick-header-meta":"","header-above-stick-meta":"","header-main-stick-meta":"","header-below-stick-meta":"","astra-migrate-meta-layouts":"set","ast-page-background-enabled":"default","ast-page-background-meta":{"desktop":{"background-color":"","background-image":"","background-repeat":"repeat","background-position":"center center","background-size":"auto","background-attachment":"scroll","background-type":"","background-media":"","overlay-type":"","overlay-color":"","overlay-opacity":"","overlay-gradient":""},"tablet":{"background-color":"","background-image":"","background-repeat":"repeat","background-position":"center center","background-size":"auto","background-attachment":"scroll","background-type":"","background-media":"","overlay-type":"","overlay-color":"","overlay-opacity":"","overlay-gradient":""},"mobile":{"background-color":"","background-image":"","background-repeat":"repeat","background-position":"center center","background-size":"auto","background-attachment":"scroll","background-type":"","background-media":"","overlay-type":"","overlay-color":"","overlay-opacity":"","overlay-gradient":""}},"ast-content-background-meta":{"desktop":{"background-color":"var(--ast-global-color-5)","background-image":"","background-repeat":"repeat","background-position":"center center","background-size":"auto","background-attachment":"scroll","background-type":"","background-media":"","overlay-type":"","overlay-color":"","overlay-opacity":"","overlay-gradient":""},"tablet":{"background-color":"var(--ast-global-color-5)","background-image":"","background-repeat":"repeat","background-position":"center center","background-size":"auto","background-attachment":"scroll","background-type":"","background-media":"","overlay-type":"","overlay-color":"","overlay-opacity":"","overlay-gradient":""},"mobile":{"background-color":"var(--ast-global-color-5)","background-image":"","background-repeat":"repeat","background-position":"center center","background-size":"auto","background-attachment":"scroll","background-type":"","background-media":"","overlay-type":"","overlay-color":"","overlay-opacity":"","overlay-gradient":""}},"footnotes":""},"class_list":["post-25407","page","type-page","status-publish","hentry"],"uagb_featured_image_src":{"full":false,"thumbnail":false,"medium":false,"medium_large":false,"large":false,"1536x1536":false,"2048x2048":false,"trp-custom-language-flag":false},"uagb_author_info":{"display_name":"admin","author_link":"https:\/\/holameli.com\/es\/author\/admin\/"},"uagb_comment_info":0,"uagb_excerpt":"Spanish Lessons Designed for You Learning a new language is a journey, and my goal is to guide you step by step.My Spanish lessons are designed especially for beginners who want to build confidence and start speaking from the very first class.Whether you want to travel, improve your communication skills, or learn Spanish for work,&hellip;","_links":{"self":[{"href":"https:\/\/holameli.com\/es\/wp-json\/wp\/v2\/pages\/25407","targetHints":{"allow":["GET"]}}],"collection":[{"href":"https:\/\/holameli.com\/es\/wp-json\/wp\/v2\/pages"}],"about":[{"href":"https:\/\/holameli.com\/es\/wp-json\/wp\/v2\/types\/page"}],"author":[{"embeddable":true,"href":"https:\/\/holameli.com\/es\/wp-json\/wp\/v2\/users\/1"}],"replies":[{"embeddable":true,"href":"https:\/\/holameli.com\/es\/wp-json\/wp\/v2\/comments?post=25407"}],"version-history":[{"count":69,"href":"https:\/\/holameli.com\/es\/wp-json\/wp\/v2\/pages\/25407\/revisions"}],"predecessor-version":[{"id":27650,"href":"https:\/\/holameli.com\/es\/wp-json\/wp\/v2\/pages\/25407\/revisions\/27650"}],"wp:attachment":[{"href":"https:\/\/holameli.com\/es\/wp-json\/wp\/v2\/media?parent=25407"}],"curies":[{"name":"wp","href":"https:\/\/api.w.org\/{rel}","templated":true}]}}