{"id":25403,"date":"2025-10-02T22:23:18","date_gmt":"2025-10-02T22:23:18","guid":{"rendered":"https:\/\/holameli.com\/index.php\/all-courses\/"},"modified":"2026-04-06T04:43:54","modified_gmt":"2026-04-06T02:43:54","slug":"learn-spanish-online","status":"publish","type":"page","link":"https:\/\/holameli.com\/es\/learn-spanish-online\/","title":{"rendered":"DISCOVER MY METHOD"},"content":{"rendered":"<div class=\"wp-block-uagb-container uagb-layout-grid uagb-block-bce0f342 alignwide uagb-is-root-container\">\n<p class=\"has-text-align-center has-ast-global-color-5-color has-ast-global-color-0-background-color has-text-color has-background has-link-color has-x-large-font-size wp-elements-9207e9cffadf4299944b3a13df697e44\" style=\"border-width:19px;border-top-left-radius:19px;border-top-right-radius:19px;border-bottom-left-radius:19px;border-bottom-right-radius:19px;padding-top:0;padding-bottom:0;font-style:normal;font-weight:800;text-transform:uppercase\"><strong>Aprende espa\u00f1ol online con lecciones personalizadas.<\/strong>.<br>Empieza a hablar espa\u00f1ol con confianza a trav\u00e9s de clases individuales divertidas, pr\u00e1cticas y personalizadas.<\/p>\n\n\n\n<p class=\"has-text-align-center has-ast-global-color-4-color has-ast-global-color-0-background-color has-text-color has-background has-link-color wp-elements-e179f668cd733cc9db15d83e364f0c73\" style=\"border-width:19px;border-top-left-radius:19px;border-top-right-radius:19px;border-bottom-left-radius:19px;border-bottom-right-radius:19px;font-size:30px\">Aprender espa\u00f1ol no tiene por qu\u00e9 ser dif\u00edcil ni abrumador.<br>Mis clases de espa\u00f1ol online est\u00e1n dise\u00f1adas especialmente para principiantes que desean comunicarse en situaciones de la vida real desde el primer momento.<br>Cada clase se personaliza seg\u00fan tu nivel, objetivos y ritmo, para que puedas disfrutar del proceso y ver un progreso real.<\/p>\n<\/div>\n\n\n\n<div class=\"wp-block-uagb-container uagb-block-383e037d alignfull uagb-is-root-container\"><div class=\"uagb-container-inner-blocks-wrap\">\n<div class=\"wp-block-columns is-layout-flex wp-container-core-columns-is-layout-28f84493 wp-block-columns-is-layout-flex\">\n<div class=\"wp-block-column is-layout-flow wp-block-column-is-layout-flow\"><\/div>\n\n\n\n<div class=\"wp-block-column is-layout-flow wp-block-column-is-layout-flow\"><\/div>\n<\/div>\n\n\n\n<div class=\"wp-block-columns alignwide are-vertically-aligned-center is-layout-flex wp-container-core-columns-is-layout-28f84493 wp-block-columns-is-layout-flex\">\n<div class=\"wp-block-column is-vertically-aligned-center is-layout-flow wp-block-column-is-layout-flow\">\n<h6 class=\"wp-block-heading has-text-align-center has-x-large-font-size has-ast-global-color-7-background-color has-background\" style=\"border-width:4px;border-top-left-radius:25px;border-top-right-radius:25px;border-bottom-left-radius:25px;border-bottom-right-radius:25px\">\u00bfA qui\u00e9nes van dirigidas estas clases?<\/h6>\n<\/div>\n<\/div>\n\n\n\n<div class=\"wp-block-columns is-layout-flex wp-container-core-columns-is-layout-28f84493 wp-block-columns-is-layout-flex\">\n<div class=\"wp-block-column is-layout-flow wp-block-column-is-layout-flow\">\n<p class=\"has-ast-global-color-7-background-color has-background has-large-font-size\" style=\"border-width:4px;border-top-left-radius:24px;border-top-right-radius:24px;border-bottom-left-radius:24px;border-bottom-right-radius:24px\">Estas lecciones son perfectas para ti si:<br><br>\u2714 Est\u00e1s empezando desde cero<br>\u2714 Quieres mejorar tu fluidez<br>\u2714 Necesitas espa\u00f1ol para viajar o trabajar.<br>\u2714 Prefieres clases personalizadas individuales<br>\u2714 Quieres sentirte seguro hablando espa\u00f1ol<br><br>No importa tu nivel, te guiar\u00e9 paso a paso.<\/p>\n<\/div>\n<\/div>\n\n\n\n<div class=\"wp-block-columns is-layout-flex wp-container-core-columns-is-layout-28f84493 wp-block-columns-is-layout-flex\">\n<div class=\"wp-block-column is-layout-flow wp-block-column-is-layout-flow\">\n<h6 class=\"wp-block-heading has-text-align-center has-ast-global-color-7-background-color has-background has-x-large-font-size\" style=\"border-width:4px;border-top-left-radius:24px;border-top-right-radius:24px;border-bottom-left-radius:24px;border-bottom-right-radius:24px\">\u00bfC\u00f3mo son las clases?<\/h6>\n<\/div>\n<\/div>\n\n\n\n<div class=\"wp-block-columns is-layout-flex wp-container-core-columns-is-layout-28f84493 wp-block-columns-is-layout-flex\">\n<div class=\"wp-block-column is-layout-flow wp-block-column-is-layout-flow\">\n<p class=\"has-ast-global-color-7-background-color has-background has-large-font-size\" style=\"border-width:4px;border-top-left-radius:24px;border-top-right-radius:24px;border-bottom-left-radius:24px;border-bottom-right-radius:24px\">Mis clases son din\u00e1micas, pr\u00e1cticas y se centran en la comunicaci\u00f3n. <br><br>Aprender\u00e1s a trav\u00e9s de:<br><br>\u2714 Conversaciones reales<br>\u2714 Vocabulario \u00fatil<br>\u2714 Situaciones cotidianas<br>\u2714 Pr\u00e1ctica de comprensi\u00f3n auditiva y expresi\u00f3n oral<br><br>El objetivo es sencillo: ayudarte a USAR el espa\u00f1ol de verdad, no solo a entenderlo.<br><\/p>\n<\/div>\n<\/div>\n\n\n\n<div class=\"wp-block-columns is-layout-flex wp-container-core-columns-is-layout-28f84493 wp-block-columns-is-layout-flex\">\n<div class=\"wp-block-column is-layout-flow wp-block-column-is-layout-flow\">\n<h6 class=\"wp-block-heading has-text-align-center has-ast-global-color-7-background-color has-background has-x-large-font-size\" style=\"border-width:4px;border-top-left-radius:24px;border-top-right-radius:24px;border-bottom-left-radius:24px;border-bottom-right-radius:24px\">C\u00f3mo funciona?<\/h6>\n<\/div>\n<\/div>\n\n\n\n<div class=\"wp-block-columns is-layout-flex wp-container-core-columns-is-layout-28f84493 wp-block-columns-is-layout-flex\">\n<div class=\"wp-block-column is-layout-flow wp-block-column-is-layout-flow\">\n<p class=\"has-ast-global-color-7-background-color has-background has-large-font-size\" style=\"border-width:4px;border-top-left-radius:24px;border-top-right-radius:24px;border-bottom-left-radius:24px;border-bottom-right-radius:24px\">\u2714 Cont\u00e1ctame<br>\u2714Dime tus metas<br>\u2714 Comienza tus lecciones de espa\u00f1ol personalizadas<br><br>Es sencillo, flexible y se adapta a ti.<\/p>\n<\/div>\n<\/div>\n\n\n\n<div class=\"wp-block-columns is-layout-flex wp-container-core-columns-is-layout-28f84493 wp-block-columns-is-layout-flex\">\n<div class=\"wp-block-column is-layout-flow wp-block-column-is-layout-flow\">\n<h6 class=\"wp-block-heading has-text-align-center has-ast-global-color-7-background-color has-background has-x-large-font-size\" style=\"border-width:3px;border-top-left-radius:24px;border-top-right-radius:24px;border-bottom-left-radius:24px;border-bottom-right-radius:24px\">\u00bfPor qu\u00e9 aprender Espa\u00f1ol conmigo?<\/h6>\n<\/div>\n<\/div>\n\n\n\n<div class=\"wp-block-columns is-layout-flex wp-container-core-columns-is-layout-28f84493 wp-block-columns-is-layout-flex\">\n<div class=\"wp-block-column has-large-font-size is-layout-flow wp-block-column-is-layout-flow\">\n<p class=\"has-ast-global-color-7-background-color has-background\" style=\"border-width:4px;border-top-left-radius:24px;border-top-right-radius:24px;border-bottom-left-radius:24px;border-bottom-right-radius:24px\">\u2714 Profesora nativa de espa\u00f1ol<br>\u2714 Personalized lessons<br>\u2714Horario Flexible<br>\u2714 Ambiente amigable y de apoyo<br>\u2714 C\u00e9ntrese en la comunicaci\u00f3n real<\/p>\n<\/div>\n<\/div>\n\n\n\n<div class=\"wp-block-columns is-layout-flex wp-container-core-columns-is-layout-28f84493 wp-block-columns-is-layout-flex\">\n<div class=\"wp-block-column is-layout-flow wp-block-column-is-layout-flow\">\n<h6 class=\"wp-block-heading has-text-align-center has-ast-global-color-7-background-color has-background has-x-large-font-size\" style=\"border-width:4px;border-top-left-radius:24px;border-top-right-radius:24px;border-bottom-left-radius:24px;border-bottom-right-radius:24px\">\u00bfListo para empezar a aprender espa\u00f1ol?<br>Reserva tu primera clase y comienza tu aventura hoy mismo.<\/h6>\n<\/div>\n<\/div>\n\n\n\n<div class=\"wp-block-uagb-buttons uagb-buttons__outer-wrap uagb-btn__default-btn uagb-btn-tablet__default-btn uagb-btn-mobile__default-btn uagb-block-ad5037f5\"><div class=\"uagb-buttons__wrap uagb-buttons-layout-wrap\">\n<div class=\"wp-block-uagb-buttons-child uagb-buttons__outer-wrap uagb-block-ec57f525 wp-block-button\"><div class=\"uagb-button__wrapper\"><a class=\"uagb-buttons-repeater wp-block-button__link\" aria-label=\"\" href=\"https:\/\/holameli.com\/es\/contact-spanish-teacher\/\" rel=\"follow noopener\" target=\"_self\" role=\"button\"><div class=\"uagb-button__link\">Cont\u00e1ctame<\/div><\/a><\/div><\/div>\n<\/div><\/div>\n<\/div><\/div>\n\n\n\n<p><\/p>","protected":false},"excerpt":{"rendered":"<p>Learn Spanish Online with Personalized Lessons.Start speaking Spanish with confidence through fun, practical, and personalized one-on-one lessons. Learning Spanish doesn\u2019t have to be difficult or overwhelming.My online Spanish lessons are designed especially for beginners who want to communicate in real-life situations from the very beginning.Each class is personalized to your level, goals, and pace, so [&hellip;]<\/p>\n","protected":false},"author":1,"featured_media":0,"parent":0,"menu_order":0,"comment_status":"closed","ping_status":"closed","template":"","meta":{"_uag_custom_page_level_css":"","site-sidebar-layout":"no-sidebar","site-content-layout":"plain-container","ast-site-content-layout":"full-width-container","site-content-style":"unboxed","site-sidebar-style":"unboxed","ast-global-header-display":"","ast-banner-title-visibility":"","ast-main-header-display":"","ast-hfb-above-header-display":"","ast-hfb-below-header-display":"","ast-hfb-mobile-header-display":"","site-post-title":"disabled","ast-breadcrumbs-content":"","ast-featured-img":"disabled","footer-sml-layout":"","ast-disable-related-posts":"","theme-transparent-header-meta":"enabled","adv-header-id-meta":"","stick-header-meta":"","header-above-stick-meta":"","header-main-stick-meta":"","header-below-stick-meta":"","astra-migrate-meta-layouts":"set","ast-page-background-enabled":"default","ast-page-background-meta":{"desktop":{"background-color":"","background-image":"","background-repeat":"repeat","background-position":"center center","background-size":"auto","background-attachment":"scroll","background-type":"","background-media":"","overlay-type":"","overlay-color":"","overlay-opacity":"","overlay-gradient":""},"tablet":{"background-color":"","background-image":"","background-repeat":"repeat","background-position":"center center","background-size":"auto","background-attachment":"scroll","background-type":"","background-media":"","overlay-type":"","overlay-color":"","overlay-opacity":"","overlay-gradient":""},"mobile":{"background-color":"","background-image":"","background-repeat":"repeat","background-position":"center center","background-size":"auto","background-attachment":"scroll","background-type":"","background-media":"","overlay-type":"","overlay-color":"","overlay-opacity":"","overlay-gradient":""}},"ast-content-background-meta":{"desktop":{"background-color":"var(--ast-global-color-5)","background-image":"","background-repeat":"repeat","background-position":"center center","background-size":"auto","background-attachment":"scroll","background-type":"","background-media":"","overlay-type":"","overlay-color":"","overlay-opacity":"","overlay-gradient":""},"tablet":{"background-color":"var(--ast-global-color-5)","background-image":"","background-repeat":"repeat","background-position":"center center","background-size":"auto","background-attachment":"scroll","background-type":"","background-media":"","overlay-type":"","overlay-color":"","overlay-opacity":"","overlay-gradient":""},"mobile":{"background-color":"var(--ast-global-color-5)","background-image":"","background-repeat":"repeat","background-position":"center center","background-size":"auto","background-attachment":"scroll","background-type":"","background-media":"","overlay-type":"","overlay-color":"","overlay-opacity":"","overlay-gradient":""}},"footnotes":""},"class_list":["post-25403","page","type-page","status-publish","hentry"],"uagb_featured_image_src":{"full":false,"thumbnail":false,"medium":false,"medium_large":false,"large":false,"1536x1536":false,"2048x2048":false,"trp-custom-language-flag":false},"uagb_author_info":{"display_name":"admin","author_link":"https:\/\/holameli.com\/es\/author\/admin\/"},"uagb_comment_info":0,"uagb_excerpt":"Learn Spanish Online with Personalized Lessons.Start speaking Spanish with confidence through fun, practical, and personalized one-on-one lessons. Learning Spanish doesn\u2019t have to be difficult or overwhelming.My online Spanish lessons are designed especially for beginners who want to communicate in real-life situations from the very beginning.Each class is personalized to your level, goals, and pace, so&hellip;","_links":{"self":[{"href":"https:\/\/holameli.com\/es\/wp-json\/wp\/v2\/pages\/25403","targetHints":{"allow":["GET"]}}],"collection":[{"href":"https:\/\/holameli.com\/es\/wp-json\/wp\/v2\/pages"}],"about":[{"href":"https:\/\/holameli.com\/es\/wp-json\/wp\/v2\/types\/page"}],"author":[{"embeddable":true,"href":"https:\/\/holameli.com\/es\/wp-json\/wp\/v2\/users\/1"}],"replies":[{"embeddable":true,"href":"https:\/\/holameli.com\/es\/wp-json\/wp\/v2\/comments?post=25403"}],"version-history":[{"count":45,"href":"https:\/\/holameli.com\/es\/wp-json\/wp\/v2\/pages\/25403\/revisions"}],"predecessor-version":[{"id":27688,"href":"https:\/\/holameli.com\/es\/wp-json\/wp\/v2\/pages\/25403\/revisions\/27688"}],"wp:attachment":[{"href":"https:\/\/holameli.com\/es\/wp-json\/wp\/v2\/media?parent=25403"}],"curies":[{"name":"wp","href":"https:\/\/api.w.org\/{rel}","templated":true}]}}